{"id":26132,"date":"2021-11-02T22:17:38","date_gmt":"2021-11-02T22:17:38","guid":{"rendered":"https:\/\/proanbi.com\/?page_id=26132"},"modified":"2021-11-04T12:28:50","modified_gmt":"2021-11-04T12:28:50","slug":"projektowanie","status":"publish","type":"page","link":"https:\/\/proanbi.com\/index.php\/projektowanie\/","title":{"rendered":"Projektowanie"},"content":{"rendered":"\t\t<div data-elementor-type=\"wp-page\" data-elementor-id=\"26132\" class=\"elementor elementor-26132\" data-elementor-settings=\"{&quot;ha_cmc_init_switcher&quot;:&quot;no&quot;}\">\n\t\t\t\t\t\t<section class=\"elementor-section elementor-top-section elementor-element elementor-element-f38ebac elementor-section-boxed elementor-section-height-default elementor-section-height-default\" data-id=\"f38ebac\" data-element_type=\"section\" data-settings=\"{&quot;_ha_eqh_enable&quot;:false}\">\n\t\t\t\t\t\t\t<div class=\"elementor-background-overlay\"><\/div>\n\t\t\t\t\t\t\t<div class=\"elementor-container elementor-column-gap-wider\">\n\t\t\t\t\t<div class=\"elementor-column elementor-col-50 elementor-top-column elementor-element elementor-element-3297bf8c\" data-id=\"3297bf8c\" data-element_type=\"column\">\n\t\t\t<div class=\"elementor-widget-wrap elementor-element-populated\">\n\t\t\t\t\t\t<div class=\"elementor-element elementor-element-31b770ea elementor-widget elementor-widget-heading\" data-id=\"31b770ea\" data-element_type=\"widget\" data-widget_type=\"heading.default\">\n\t\t\t\t<div class=\"elementor-widget-container\">\n\t\t\t\t\t<h4 class=\"elementor-heading-title elementor-size-default\">Us\u0142ugi<\/h4>\t\t\t\t<\/div>\n\t\t\t\t<\/div>\n\t\t\t\t<div class=\"elementor-element elementor-element-206ee1f8 elementor-widget elementor-widget-heading\" data-id=\"206ee1f8\" data-element_type=\"widget\" data-widget_type=\"heading.default\">\n\t\t\t\t<div class=\"elementor-widget-container\">\n\t\t\t\t\t<h2 class=\"elementor-heading-title elementor-size-default\">Projektowanie <\/h2>\t\t\t\t<\/div>\n\t\t\t\t<\/div>\n\t\t\t\t<div class=\"elementor-element elementor-element-2bcd8568 elementor-widget elementor-widget-text-editor\" data-id=\"2bcd8568\" data-element_type=\"widget\" data-widget_type=\"text-editor.default\">\n\t\t\t\t<div class=\"elementor-widget-container\">\n\t\t\t\t\t\t\t\t\t<p>Realizuj\u0119 zlecenia wed\u0142ug pomys\u0142u zamawiaj\u0105cego. Podejmuj\u0119 si\u0119 te\u017c zaprojektowania bi\u017cuterii z powierzonego materia\u0142u.<\/p>\t\t\t\t\t\t\t\t<\/div>\n\t\t\t\t<\/div>\n\t\t\t\t<div class=\"elementor-element elementor-element-40decdee elementor-widget elementor-widget-text-editor\" data-id=\"40decdee\" data-element_type=\"widget\" data-widget_type=\"text-editor.default\">\n\t\t\t\t<div class=\"elementor-widget-container\">\n\t\t\t\t\t\t\t\t\t<p>Zapomniany, bezu\u017cyteczny, przerwany, popl\u0105tany, zniszczony, bez zapi\u0119cia naszyjnik z pere\u0142, korali b\u0105d\u017a innych element\u00f3w bi\u017cuteryjnych idealnie nadaje si\u0119 do przer\u00f3bki. W ten spos\u00f3b powstanie nowa bi\u017cuteria, o nowym charakterze.<\/p>\t\t\t\t\t\t\t\t<\/div>\n\t\t\t\t<\/div>\n\t\t\t\t\t<\/div>\n\t\t<\/div>\n\t\t\t\t<div class=\"elementor-column elementor-col-50 elementor-top-column elementor-element elementor-element-252fcc5\" data-id=\"252fcc5\" data-element_type=\"column\">\n\t\t\t<div class=\"elementor-widget-wrap elementor-element-populated\">\n\t\t\t\t\t\t<div class=\"elementor-element elementor-element-4ae1f21e ha-has-bg-overlay elementor-widget elementor-widget-image\" data-id=\"4ae1f21e\" data-element_type=\"widget\" data-widget_type=\"image.default\">\n\t\t\t\t<div class=\"elementor-widget-container\">\n\t\t\t\t\t\t\t\t\t\t\t\t\t\t\t<img decoding=\"async\" src=\"https:\/\/proanbi.com\/wp-content\/uploads\/elementor\/thumbs\/IMG_0362-crop-crop-cropD-pfhpqso3wwnpx9x6ysd9zqfvrs10n791uxf8z6rvhk.jpg\" title=\"IMG_0362-crop-crop-cropD\" alt=\"IMG_0362-crop-crop-cropD\" loading=\"lazy\" \/>\t\t\t\t\t\t\t\t\t\t\t\t\t\t\t<\/div>\n\t\t\t\t<\/div>\n\t\t\t\t\t<\/div>\n\t\t<\/div>\n\t\t\t\t\t<\/div>\n\t\t<\/section>\n\t\t\t\t<\/div>\n\t\t","protected":false},"excerpt":{"rendered":"<p>Us\u0142ugi Projektowanie Realizuj\u0119 zlecenia wed\u0142ug pomys\u0142u zamawiaj\u0105cego. Podejmuj\u0119 si\u0119 te\u017c zaprojektowania bi\u017cuterii z powierzonego materia\u0142u. Zapomniany, bezu\u017cyteczny, przerwany, popl\u0105tany, zniszczony, bez zapi\u0119cia naszyjnik z pere\u0142, korali b\u0105d\u017a innych element\u00f3w bi\u017cuteryjnych idealnie nadaje si\u0119 do przer\u00f3bki. W ten spos\u00f3b powstanie nowa bi\u017cuteria, o nowym charakterze.<\/p>\n","protected":false},"author":1,"featured_media":0,"parent":0,"menu_order":0,"comment_status":"closed","ping_status":"closed","template":"","meta":{"om_disable_all_campaigns":false,"_monsterinsights_skip_tracking":false,"_monsterinsights_sitenote_active":false,"_monsterinsights_sitenote_note":"","_monsterinsights_sitenote_category":0,"site-sidebar-layout":"no-sidebar","site-content-layout":"plain-container","ast-site-content-layout":"default","site-content-style":"default","site-sidebar-style":"default","ast-global-header-display":"","ast-banner-title-visibility":"","ast-main-header-display":"","ast-hfb-above-header-display":"","ast-hfb-below-header-display":"","ast-hfb-mobile-header-display":"","site-post-title":"disabled","ast-breadcrumbs-content":"","ast-featured-img":"","footer-sml-layout":"","theme-transparent-header-meta":"default","adv-header-id-meta":"","stick-header-meta":"","header-above-stick-meta":"","header-main-stick-meta":"","header-below-stick-meta":"","astra-migrate-meta-layouts":"default","ast-page-background-enabled":"default","ast-page-background-meta":{"desktop":{"background-color":"","background-image":"","background-repeat":"repeat","background-position":"center center","background-size":"auto","background-attachment":"scroll","background-type":"","background-media":"","overlay-type":"","overlay-color":"","overlay-opacity":"","overlay-gradient":""},"tablet":{"background-color":"","background-image":"","background-repeat":"repeat","background-position":"center center","background-size":"auto","background-attachment":"scroll","background-type":"","background-media":"","overlay-type":"","overlay-color":"","overlay-opacity":"","overlay-gradient":""},"mobile":{"background-color":"","background-image":"","background-repeat":"repeat","background-position":"center center","background-size":"auto","background-attachment":"scroll","background-type":"","background-media":"","overlay-type":"","overlay-color":"","overlay-opacity":"","overlay-gradient":""}},"ast-content-background-meta":{"desktop":{"background-color":"var(--ast-global-color-5)","background-image":"","background-repeat":"repeat","background-position":"center center","background-size":"auto","background-attachment":"scroll","background-type":"","background-media":"","overlay-type":"","overlay-color":"","overlay-opacity":"","overlay-gradient":""},"tablet":{"background-color":"var(--ast-global-color-5)","background-image":"","background-repeat":"repeat","background-position":"center center","background-size":"auto","background-attachment":"scroll","background-type":"","background-media":"","overlay-type":"","overlay-color":"","overlay-opacity":"","overlay-gradient":""},"mobile":{"background-color":"var(--ast-global-color-5)","background-image":"","background-repeat":"repeat","background-position":"center center","background-size":"auto","background-attachment":"scroll","background-type":"","background-media":"","overlay-type":"","overlay-color":"","overlay-opacity":"","overlay-gradient":""}},"footnotes":""},"class_list":["post-26132","page","type-page","status-publish","hentry"],"aioseo_notices":[],"_links":{"self":[{"href":"https:\/\/proanbi.com\/index.php\/wp-json\/wp\/v2\/pages\/26132","targetHints":{"allow":["GET"]}}],"collection":[{"href":"https:\/\/proanbi.com\/index.php\/wp-json\/wp\/v2\/pages"}],"about":[{"href":"https:\/\/proanbi.com\/index.php\/wp-json\/wp\/v2\/types\/page"}],"author":[{"embeddable":true,"href":"https:\/\/proanbi.com\/index.php\/wp-json\/wp\/v2\/users\/1"}],"replies":[{"embeddable":true,"href":"https:\/\/proanbi.com\/index.php\/wp-json\/wp\/v2\/comments?post=26132"}],"version-history":[{"count":39,"href":"https:\/\/proanbi.com\/index.php\/wp-json\/wp\/v2\/pages\/26132\/revisions"}],"predecessor-version":[{"id":27008,"href":"https:\/\/proanbi.com\/index.php\/wp-json\/wp\/v2\/pages\/26132\/revisions\/27008"}],"wp:attachment":[{"href":"https:\/\/proanbi.com\/index.php\/wp-json\/wp\/v2\/media?parent=26132"}],"curies":[{"name":"wp","href":"https:\/\/api.w.org\/{rel}","templated":true}]}}