{"id":26136,"date":"2021-11-02T22:18:24","date_gmt":"2021-11-02T22:18:24","guid":{"rendered":"https:\/\/proanbi.com\/?page_id=26136"},"modified":"2021-11-05T11:09:54","modified_gmt":"2021-11-05T11:09:54","slug":"naprawa","status":"publish","type":"page","link":"https:\/\/proanbi.com\/index.php\/naprawa\/","title":{"rendered":"Naprawa"},"content":{"rendered":"\t\t<div data-elementor-type=\"wp-page\" data-elementor-id=\"26136\" class=\"elementor elementor-26136\" data-elementor-settings=\"{&quot;ha_cmc_init_switcher&quot;:&quot;no&quot;}\">\n\t\t\t\t\t\t<section class=\"elementor-section elementor-top-section elementor-element elementor-element-4dc203e3 elementor-section-boxed elementor-section-height-default elementor-section-height-default\" data-id=\"4dc203e3\" data-element_type=\"section\" data-settings=\"{&quot;_ha_eqh_enable&quot;:false}\">\n\t\t\t\t\t\t\t<div class=\"elementor-background-overlay\"><\/div>\n\t\t\t\t\t\t\t<div class=\"elementor-container elementor-column-gap-wider\">\n\t\t\t\t\t<div class=\"elementor-column elementor-col-50 elementor-top-column elementor-element elementor-element-26c299f7\" data-id=\"26c299f7\" data-element_type=\"column\">\n\t\t\t<div class=\"elementor-widget-wrap elementor-element-populated\">\n\t\t\t\t\t\t<div class=\"elementor-element elementor-element-29e65165 ha-has-bg-overlay elementor-widget elementor-widget-image\" data-id=\"29e65165\" data-element_type=\"widget\" data-widget_type=\"image.default\">\n\t\t\t\t<div class=\"elementor-widget-container\">\n\t\t\t\t\t\t\t\t\t\t\t\t\t\t\t<img decoding=\"async\" src=\"https:\/\/proanbi.com\/wp-content\/uploads\/elementor\/thumbs\/10877-scaled-pfhq9wpyvmtlzu5rd1s6owtalttp5n4khiyo9qfoyw.jpg\" title=\"10877\" alt=\"10877\" loading=\"lazy\" \/>\t\t\t\t\t\t\t\t\t\t\t\t\t\t\t<\/div>\n\t\t\t\t<\/div>\n\t\t\t\t\t<\/div>\n\t\t<\/div>\n\t\t\t\t<div class=\"elementor-column elementor-col-50 elementor-top-column elementor-element elementor-element-2119b0ac\" data-id=\"2119b0ac\" data-element_type=\"column\">\n\t\t\t<div class=\"elementor-widget-wrap elementor-element-populated\">\n\t\t\t\t\t\t<div class=\"elementor-element elementor-element-540fdf05 elementor-widget elementor-widget-heading\" data-id=\"540fdf05\" data-element_type=\"widget\" data-widget_type=\"heading.default\">\n\t\t\t\t<div class=\"elementor-widget-container\">\n\t\t\t\t\t<h4 class=\"elementor-heading-title elementor-size-default\">us\u0142ugi<\/h4>\t\t\t\t<\/div>\n\t\t\t\t<\/div>\n\t\t\t\t<div class=\"elementor-element elementor-element-300b2958 elementor-widget elementor-widget-heading\" data-id=\"300b2958\" data-element_type=\"widget\" data-widget_type=\"heading.default\">\n\t\t\t\t<div class=\"elementor-widget-container\">\n\t\t\t\t\t<h2 class=\"elementor-heading-title elementor-size-default\">Naprawa<\/h2>\t\t\t\t<\/div>\n\t\t\t\t<\/div>\n\t\t\t\t<div class=\"elementor-element elementor-element-27b21533 elementor-widget elementor-widget-text-editor\" data-id=\"27b21533\" data-element_type=\"widget\" data-widget_type=\"text-editor.default\">\n\t\t\t\t<div class=\"elementor-widget-container\">\n\t\t\t\t\t\t\t\t\t<p>Poza projektowaniem bi\u017cuterii oferuj\u0119 r\u00f3wnie\u017c wszelkiego rodzaju naprawy jubilerskie, tj. lutowanie, skracanie, zmiana rozmiar\u00f3w, dorabianie brakuj\u0105cych element\u00f3w, od\u015bwie\u017canie, renowacja.<\/p>\t\t\t\t\t\t\t\t<\/div>\n\t\t\t\t<\/div>\n\t\t\t\t<div class=\"elementor-element elementor-element-6efa4b92 elementor-widget elementor-widget-text-editor\" data-id=\"6efa4b92\" data-element_type=\"widget\" data-widget_type=\"text-editor.default\">\n\t\t\t\t<div class=\"elementor-widget-container\">\n\t\t\t\t\t\t\t\t\t<p>Opr\u00f3cz bi\u017cuterii z\u0142otej i srebrnej naprawiam bi\u017cuteri\u0119 z innych materia\u0142\u00f3w. Przewlekam, stopniuj\u0119 i komponuj\u0119 na nowo np. naszyjniki z korali i dorabiam do nich zapi\u0119cia.<\/p>\t\t\t\t\t\t\t\t<\/div>\n\t\t\t\t<\/div>\n\t\t\t\t\t<\/div>\n\t\t<\/div>\n\t\t\t\t\t<\/div>\n\t\t<\/section>\n\t\t\t\t<\/div>\n\t\t","protected":false},"excerpt":{"rendered":"<p>us\u0142ugi Naprawa Poza projektowaniem bi\u017cuterii oferuj\u0119 r\u00f3wnie\u017c wszelkiego rodzaju naprawy jubilerskie, tj. lutowanie, skracanie, zmiana rozmiar\u00f3w, dorabianie brakuj\u0105cych element\u00f3w, od\u015bwie\u017canie, renowacja. Opr\u00f3cz bi\u017cuterii z\u0142otej i srebrnej naprawiam bi\u017cuteri\u0119 z innych materia\u0142\u00f3w. Przewlekam, stopniuj\u0119 i komponuj\u0119 na nowo np. naszyjniki z korali i dorabiam do nich zapi\u0119cia.<\/p>\n","protected":false},"author":1,"featured_media":0,"parent":0,"menu_order":0,"comment_status":"closed","ping_status":"closed","template":"","meta":{"om_disable_all_campaigns":false,"_monsterinsights_skip_tracking":false,"_monsterinsights_sitenote_active":false,"_monsterinsights_sitenote_note":"","_monsterinsights_sitenote_category":0,"site-sidebar-layout":"no-sidebar","site-content-layout":"plain-container","ast-site-content-layout":"default","site-content-style":"default","site-sidebar-style":"default","ast-global-header-display":"","ast-banner-title-visibility":"","ast-main-header-display":"","ast-hfb-above-header-display":"","ast-hfb-below-header-display":"","ast-hfb-mobile-header-display":"","site-post-title":"disabled","ast-breadcrumbs-content":"","ast-featured-img":"","footer-sml-layout":"","theme-transparent-header-meta":"default","adv-header-id-meta":"","stick-header-meta":"","header-above-stick-meta":"","header-main-stick-meta":"","header-below-stick-meta":"","astra-migrate-meta-layouts":"default","ast-page-background-enabled":"default","ast-page-background-meta":{"desktop":{"background-color":"","background-image":"","background-repeat":"repeat","background-position":"center center","background-size":"auto","background-attachment":"scroll","background-type":"","background-media":"","overlay-type":"","overlay-color":"","overlay-opacity":"","overlay-gradient":""},"tablet":{"background-color":"","background-image":"","background-repeat":"repeat","background-position":"center center","background-size":"auto","background-attachment":"scroll","background-type":"","background-media":"","overlay-type":"","overlay-color":"","overlay-opacity":"","overlay-gradient":""},"mobile":{"background-color":"","background-image":"","background-repeat":"repeat","background-position":"center center","background-size":"auto","background-attachment":"scroll","background-type":"","background-media":"","overlay-type":"","overlay-color":"","overlay-opacity":"","overlay-gradient":""}},"ast-content-background-meta":{"desktop":{"background-color":"var(--ast-global-color-5)","background-image":"","background-repeat":"repeat","background-position":"center center","background-size":"auto","background-attachment":"scroll","background-type":"","background-media":"","overlay-type":"","overlay-color":"","overlay-opacity":"","overlay-gradient":""},"tablet":{"background-color":"var(--ast-global-color-5)","background-image":"","background-repeat":"repeat","background-position":"center center","background-size":"auto","background-attachment":"scroll","background-type":"","background-media":"","overlay-type":"","overlay-color":"","overlay-opacity":"","overlay-gradient":""},"mobile":{"background-color":"var(--ast-global-color-5)","background-image":"","background-repeat":"repeat","background-position":"center center","background-size":"auto","background-attachment":"scroll","background-type":"","background-media":"","overlay-type":"","overlay-color":"","overlay-opacity":"","overlay-gradient":""}},"footnotes":""},"class_list":["post-26136","page","type-page","status-publish","hentry"],"aioseo_notices":[],"_links":{"self":[{"href":"https:\/\/proanbi.com\/index.php\/wp-json\/wp\/v2\/pages\/26136","targetHints":{"allow":["GET"]}}],"collection":[{"href":"https:\/\/proanbi.com\/index.php\/wp-json\/wp\/v2\/pages"}],"about":[{"href":"https:\/\/proanbi.com\/index.php\/wp-json\/wp\/v2\/types\/page"}],"author":[{"embeddable":true,"href":"https:\/\/proanbi.com\/index.php\/wp-json\/wp\/v2\/users\/1"}],"replies":[{"embeddable":true,"href":"https:\/\/proanbi.com\/index.php\/wp-json\/wp\/v2\/comments?post=26136"}],"version-history":[{"count":59,"href":"https:\/\/proanbi.com\/index.php\/wp-json\/wp\/v2\/pages\/26136\/revisions"}],"predecessor-version":[{"id":26876,"href":"https:\/\/proanbi.com\/index.php\/wp-json\/wp\/v2\/pages\/26136\/revisions\/26876"}],"wp:attachment":[{"href":"https:\/\/proanbi.com\/index.php\/wp-json\/wp\/v2\/media?parent=26136"}],"curies":[{"name":"wp","href":"https:\/\/api.w.org\/{rel}","templated":true}]}}