{"id":26140,"date":"2021-11-02T22:19:04","date_gmt":"2021-11-02T22:19:04","guid":{"rendered":"https:\/\/proanbi.com\/?page_id=26140"},"modified":"2021-12-05T16:18:12","modified_gmt":"2021-12-05T16:18:12","slug":"malowanie","status":"publish","type":"page","link":"https:\/\/proanbi.com\/index.php\/malowanie\/","title":{"rendered":"Malarstwo"},"content":{"rendered":"\t\t<div data-elementor-type=\"wp-page\" data-elementor-id=\"26140\" class=\"elementor elementor-26140\" data-elementor-settings=\"{&quot;ha_cmc_init_switcher&quot;:&quot;no&quot;}\">\n\t\t\t\t\t\t<section class=\"elementor-section elementor-top-section elementor-element elementor-element-4cc149f2 elementor-section-boxed elementor-section-height-default elementor-section-height-default\" data-id=\"4cc149f2\" data-element_type=\"section\" data-settings=\"{&quot;_ha_eqh_enable&quot;:false}\">\n\t\t\t\t\t\t\t<div class=\"elementor-background-overlay\"><\/div>\n\t\t\t\t\t\t\t<div class=\"elementor-container elementor-column-gap-wider\">\n\t\t\t\t\t<div class=\"elementor-column elementor-col-50 elementor-top-column elementor-element elementor-element-46a3aa72\" data-id=\"46a3aa72\" data-element_type=\"column\">\n\t\t\t<div class=\"elementor-widget-wrap elementor-element-populated\">\n\t\t\t\t\t\t<div class=\"elementor-element elementor-element-12ce9eaf elementor-widget elementor-widget-heading\" data-id=\"12ce9eaf\" data-element_type=\"widget\" data-widget_type=\"heading.default\">\n\t\t\t\t<div class=\"elementor-widget-container\">\n\t\t\t\t\t<h4 class=\"elementor-heading-title elementor-size-default\">us\u0142ugi<\/h4>\t\t\t\t<\/div>\n\t\t\t\t<\/div>\n\t\t\t\t<div class=\"elementor-element elementor-element-5a2e79f3 elementor-widget elementor-widget-heading\" data-id=\"5a2e79f3\" data-element_type=\"widget\" data-widget_type=\"heading.default\">\n\t\t\t\t<div class=\"elementor-widget-container\">\n\t\t\t\t\t<h2 class=\"elementor-heading-title elementor-size-default\">malowanie<\/h2>\t\t\t\t<\/div>\n\t\t\t\t<\/div>\n\t\t\t\t<div class=\"elementor-element elementor-element-607b68aa elementor-widget elementor-widget-text-editor\" data-id=\"607b68aa\" data-element_type=\"widget\" data-widget_type=\"text-editor.default\">\n\t\t\t\t<div class=\"elementor-widget-container\">\n\t\t\t\t\t\t\t\t\t<div>Maluj\u0119 obrazy na zam\u00f3wienie. Na \u017cyczenie klienta realizuj\u0119 prace o r\u00f3\u017cnej tematyce i w dowolnym formacie.<\/div>\t\t\t\t\t\t\t\t<\/div>\n\t\t\t\t<\/div>\n\t\t\t\t<div class=\"elementor-element elementor-element-3853e91f elementor-widget elementor-widget-text-editor\" data-id=\"3853e91f\" data-element_type=\"widget\" data-widget_type=\"text-editor.default\">\n\t\t\t\t<div class=\"elementor-widget-container\">\n\t\t\t\t\t\t\t\t\t<p>Wykonuj\u0119 prace w r\u00f3\u017cnych technikach malarskich: akwarela, rysunek w\u0119glem, rysunek o\u0142\u00f3wkiem, akryl, tempera, pastel. Tworz\u0119 portrety, pejza\u017ce, kwiaty, przyrod\u0119 i architektur\u0119. Maluj\u0119 obrazy na szkle, zdobi\u0119 passe-partout i jestem otwarta na inne realizacje.<\/p>\t\t\t\t\t\t\t\t<\/div>\n\t\t\t\t<\/div>\n\t\t\t\t\t<\/div>\n\t\t<\/div>\n\t\t\t\t<div class=\"elementor-column elementor-col-50 elementor-top-column elementor-element elementor-element-59050f3d\" data-id=\"59050f3d\" data-element_type=\"column\">\n\t\t\t<div class=\"elementor-widget-wrap elementor-element-populated\">\n\t\t\t\t\t\t<div class=\"elementor-element elementor-element-1c9b6285 ha-has-bg-overlay elementor-widget elementor-widget-image\" data-id=\"1c9b6285\" data-element_type=\"widget\" data-widget_type=\"image.default\">\n\t\t\t\t<div class=\"elementor-widget-container\">\n\t\t\t\t\t\t\t\t\t\t\t\t\t\t\t<img decoding=\"async\" src=\"https:\/\/proanbi.com\/wp-content\/uploads\/elementor\/thumbs\/IMG_7418-\u2014-kopia-crop-scaled-pfhqm9bmo9q8je7y8vypyambl2ybah5lunjc9m4h7s.jpg\" title=\"IMG_7418 \u2014 kopia-crop\" alt=\"IMG_7418 \u2014 kopia-crop\" loading=\"lazy\" \/>\t\t\t\t\t\t\t\t\t\t\t\t\t\t\t<\/div>\n\t\t\t\t<\/div>\n\t\t\t\t\t<\/div>\n\t\t<\/div>\n\t\t\t\t\t<\/div>\n\t\t<\/section>\n\t\t\t\t<\/div>\n\t\t","protected":false},"excerpt":{"rendered":"<p>us\u0142ugi malowanie Maluj\u0119 obrazy na zam\u00f3wienie. Na \u017cyczenie klienta realizuj\u0119 prace o r\u00f3\u017cnej tematyce i w dowolnym formacie. Wykonuj\u0119 prace w r\u00f3\u017cnych technikach malarskich: akwarela, rysunek w\u0119glem, rysunek o\u0142\u00f3wkiem, akryl, tempera, pastel. Tworz\u0119 portrety, pejza\u017ce, kwiaty, przyrod\u0119 i architektur\u0119. Maluj\u0119 obrazy na szkle, zdobi\u0119 passe-partout i jestem otwarta na inne realizacje.<\/p>\n","protected":false},"author":1,"featured_media":0,"parent":0,"menu_order":0,"comment_status":"closed","ping_status":"closed","template":"","meta":{"om_disable_all_campaigns":false,"_monsterinsights_skip_tracking":false,"_monsterinsights_sitenote_active":false,"_monsterinsights_sitenote_note":"","_monsterinsights_sitenote_category":0,"site-sidebar-layout":"no-sidebar","site-content-layout":"plain-container","ast-site-content-layout":"default","site-content-style":"default","site-sidebar-style":"default","ast-global-header-display":"","ast-banner-title-visibility":"","ast-main-header-display":"","ast-hfb-above-header-display":"","ast-hfb-below-header-display":"","ast-hfb-mobile-header-display":"","site-post-title":"","ast-breadcrumbs-content":"","ast-featured-img":"","footer-sml-layout":"","theme-transparent-header-meta":"default","adv-header-id-meta":"","stick-header-meta":"","header-above-stick-meta":"","header-main-stick-meta":"","header-below-stick-meta":"","astra-migrate-meta-layouts":"default","ast-page-background-enabled":"default","ast-page-background-meta":{"desktop":{"background-color":"","background-image":"","background-repeat":"repeat","background-position":"center center","background-size":"auto","background-attachment":"scroll","background-type":"","background-media":"","overlay-type":"","overlay-color":"","overlay-opacity":"","overlay-gradient":""},"tablet":{"background-color":"","background-image":"","background-repeat":"repeat","background-position":"center center","background-size":"auto","background-attachment":"scroll","background-type":"","background-media":"","overlay-type":"","overlay-color":"","overlay-opacity":"","overlay-gradient":""},"mobile":{"background-color":"","background-image":"","background-repeat":"repeat","background-position":"center center","background-size":"auto","background-attachment":"scroll","background-type":"","background-media":"","overlay-type":"","overlay-color":"","overlay-opacity":"","overlay-gradient":""}},"ast-content-background-meta":{"desktop":{"background-color":"var(--ast-global-color-5)","background-image":"","background-repeat":"repeat","background-position":"center center","background-size":"auto","background-attachment":"scroll","background-type":"","background-media":"","overlay-type":"","overlay-color":"","overlay-opacity":"","overlay-gradient":""},"tablet":{"background-color":"var(--ast-global-color-5)","background-image":"","background-repeat":"repeat","background-position":"center center","background-size":"auto","background-attachment":"scroll","background-type":"","background-media":"","overlay-type":"","overlay-color":"","overlay-opacity":"","overlay-gradient":""},"mobile":{"background-color":"var(--ast-global-color-5)","background-image":"","background-repeat":"repeat","background-position":"center center","background-size":"auto","background-attachment":"scroll","background-type":"","background-media":"","overlay-type":"","overlay-color":"","overlay-opacity":"","overlay-gradient":""}},"footnotes":""},"class_list":["post-26140","page","type-page","status-publish","hentry"],"aioseo_notices":[],"_links":{"self":[{"href":"https:\/\/proanbi.com\/index.php\/wp-json\/wp\/v2\/pages\/26140","targetHints":{"allow":["GET"]}}],"collection":[{"href":"https:\/\/proanbi.com\/index.php\/wp-json\/wp\/v2\/pages"}],"about":[{"href":"https:\/\/proanbi.com\/index.php\/wp-json\/wp\/v2\/types\/page"}],"author":[{"embeddable":true,"href":"https:\/\/proanbi.com\/index.php\/wp-json\/wp\/v2\/users\/1"}],"replies":[{"embeddable":true,"href":"https:\/\/proanbi.com\/index.php\/wp-json\/wp\/v2\/comments?post=26140"}],"version-history":[{"count":40,"href":"https:\/\/proanbi.com\/index.php\/wp-json\/wp\/v2\/pages\/26140\/revisions"}],"predecessor-version":[{"id":28748,"href":"https:\/\/proanbi.com\/index.php\/wp-json\/wp\/v2\/pages\/26140\/revisions\/28748"}],"wp:attachment":[{"href":"https:\/\/proanbi.com\/index.php\/wp-json\/wp\/v2\/media?parent=26140"}],"curies":[{"name":"wp","href":"https:\/\/api.w.org\/{rel}","templated":true}]}}